{"id":30,"date":"2018-08-01T10:53:11","date_gmt":"2018-08-01T10:53:11","guid":{"rendered":"http:\/\/wp.elektro-poehnl.de\/?page_id=30"},"modified":"2018-08-15T15:53:55","modified_gmt":"2018-08-15T15:53:55","slug":"ueber-uns","status":"publish","type":"page","link":"https:\/\/elektro-poehnl.de\/?page_id=30","title":{"rendered":"\u00dcber Uns"},"content":{"rendered":"<p><strong><span class=\"xr_s3\"><span class=\"xr_tl\"><span class=\"xr_s1\">Elektro P\u00f6hnl seit 1991 Ihr Partner <\/span><span class=\"xr_s11\">f\u00fcr<\/span><\/span> <span class=\"xr_tl xr_s7\"><span class=\"xr_s11\">Elektroinstallationen in Berlin und Brandenburg<\/span><\/span><\/span><\/strong><\/p>\n<p><span class=\"xr_s3\"><span class=\"xr_tl xr_s2\">Das Unternehmen \u201cElektro P\u00f6hnl\u201d wurde 1991von Elektromeister Johannes P\u00f6hnl gegr\u00fcndet. <\/span> <\/span><\/p>\n<p><span class=\"xr_s3\"><span class=\"xr_tl xr_s2\">Somit kann auf langj\u00e4hrige Erfahrungen aus der beruflichen Praxis zur\u00fcckgegriffen werden. Den Anforderungen der heutigen Zeit gerecht zu werden ist dank stetiger Erweiterung von Fachkenntnisse die Grundlage f\u00fcr die kompetente und zuverl\u00e4ssige Umsetzung Ihrer Projekte. Die Zufriedenheit der Kunden ist dabei das Ziel des Handelns. Zu den Kunden der Firma z\u00e4hlen private Haushalte, \u00f6ffentliche Einrichtungen, Handel, Bautr\u00e4ger und Immobilienwirtschaft sowie Industrie und Gewerbe.<br \/>\n<\/span><\/span><\/p>\n<p><img decoding=\"async\" title=\"\" class=\"xr_ap\" alt=\"\" src=\"https:\/\/www.elektro-poehnl.de\/index_htm_files\/322.png\" \/> <img decoding=\"async\" title=\"\" class=\"xr_ap\" alt=\"\" src=\"https:\/\/www.elektro-poehnl.de\/index_htm_files\/323.png\" \/><\/p>\n","protected":false},"excerpt":{"rendered":"<p>Elektro P\u00f6hnl seit 1991 Ihr Partner f\u00fcr Elektroinstallationen in Berlin und Brandenburg Das Unternehmen \u201cElektro P\u00f6hnl\u201d wurde 1991von Elektromeister Johannes P\u00f6hnl gegr\u00fcndet. Somit kann auf langj\u00e4hrige Erfahrungen aus der beruflichen Praxis zur\u00fcckgegriffen werden. Den Anforderungen der heutigen Zeit gerecht zu werden ist dank stetiger Erweiterung von Fachkenntnisse die Grundlage f\u00fcr [&hellip;]<\/p>\n","protected":false},"author":1,"featured_media":60,"parent":0,"menu_order":0,"comment_status":"closed","ping_status":"closed","template":"","meta":{"footnotes":""},"class_list":["post-30","page","type-page","status-publish","has-post-thumbnail","hentry"],"_links":{"self":[{"href":"https:\/\/elektro-poehnl.de\/index.php?rest_route=\/wp\/v2\/pages\/30","targetHints":{"allow":["GET"]}}],"collection":[{"href":"https:\/\/elektro-poehnl.de\/index.php?rest_route=\/wp\/v2\/pages"}],"about":[{"href":"https:\/\/elektro-poehnl.de\/index.php?rest_route=\/wp\/v2\/types\/page"}],"author":[{"embeddable":true,"href":"https:\/\/elektro-poehnl.de\/index.php?rest_route=\/wp\/v2\/users\/1"}],"replies":[{"embeddable":true,"href":"https:\/\/elektro-poehnl.de\/index.php?rest_route=%2Fwp%2Fv2%2Fcomments&post=30"}],"version-history":[{"count":9,"href":"https:\/\/elektro-poehnl.de\/index.php?rest_route=\/wp\/v2\/pages\/30\/revisions"}],"predecessor-version":[{"id":100,"href":"https:\/\/elektro-poehnl.de\/index.php?rest_route=\/wp\/v2\/pages\/30\/revisions\/100"}],"wp:featuredmedia":[{"embeddable":true,"href":"https:\/\/elektro-poehnl.de\/index.php?rest_route=\/wp\/v2\/media\/60"}],"wp:attachment":[{"href":"https:\/\/elektro-poehnl.de\/index.php?rest_route=%2Fwp%2Fv2%2Fmedia&parent=30"}],"curies":[{"name":"wp","href":"https:\/\/api.w.org\/{rel}","templated":true}]}}